{"id":472,"date":"2023-10-30T12:42:50","date_gmt":"2023-10-30T12:42:50","guid":{"rendered":"https:\/\/www.vergemotorcycles.com\/order\/order\/"},"modified":"2024-06-18T08:33:17","modified_gmt":"2024-06-18T08:33:17","slug":"your-verge","status":"publish","type":"page","link":"https:\/\/www.vergemotorcycles.com\/order\/fr_fr\/your-verge\/","title":{"rendered":"Your verge"},"content":{"rendered":"<div class=\"gb-container gb-container-c0204b35 alignfull\">\n<div class=\"gb-container gb-container-5c92afa7\">\n\n<a target=\"_blank\" rel=\"noopener noreferrer\" class=\"gb-button gb-button-d2cb9ceb return-link\" href=\"https:\/\/www.vergemotorcycles.com\/order\/fr_fr\/\"><span class=\"gb-icon\"><svg xmlns=\"http:\/\/www.w3.org\/2000\/svg\" fill=\"none\" viewbox=\"0 0 24 24\" height=\"24\" width=\"24\"><path fill=\"inherit\" d=\"M18 19.882L10.198 12.002L18 4.12195L15.901 2.00195L6 12.002L15.901 22.002L18 19.882Z\"><\/path><\/svg><\/span><span class=\"gb-button-text\">Retour au configurateur<\/span><\/a>\n\n\n\n<h2 class=\"gb-headline gb-headline-00384fcb gb-headline-text\">Your verge<\/h2>\n\n\n<div class=\"gb-grid-wrapper gb-grid-wrapper-80d1d064\">\n<div class=\"gb-grid-column gb-grid-column-c4bc5895\"><div class=\"gb-container gb-container-c4bc5895\">\n<div class=\"bike-box\">\n\t<div class=\"bike-box__slider\" id=\"bike-slider-69d0fa1d24c4b\">\n\t\t\t\t\t<div class=\"slick-slide\">\n\t\t\t\t<img decoding=\"async\" src=\"https:\/\/www.vergemotorcycles.com\/order\/wp-content\/themes\/generatepress_child\/assets\/images\/tmp2.jpg\" alt=\"\">\n\t\t\t<\/div>\n\t\t\t<div class=\"slick-slide\">\n\t\t\t\t<img decoding=\"async\" src=\"https:\/\/www.vergemotorcycles.com\/order\/wp-content\/themes\/generatepress_child\/assets\/images\/tmp2.jpg\" alt=\"\">\n\t\t\t<\/div>\n\t\t\t<div class=\"slick-slide\">\n\t\t\t\t<img decoding=\"async\" src=\"https:\/\/www.vergemotorcycles.com\/order\/wp-content\/themes\/generatepress_child\/assets\/images\/tmp2.jpg\" alt=\"\">\n\t\t\t<\/div>\n\t\t\t<\/div>\n\t<script>\n\t\t(function($){\n\t\t\t$(document).ready(function(){\n\t\t\t\tvar $cart_box_slider = $('#bike-slider-69d0fa1d24c4b');\n\t\t\t\tif($cart_box_slider.length){\n\t\t\t\t\t$cart_box_slider.slick({\n\t\t\t\t\t\tdots: true,\n\t\t\t\t\t\tarrows: false,\n\t\t\t\t\t\tadaptiveHeight : true,\n\t\t\t\t\t\tprevArrow: '<button class=\"slick-prev slick-arrow\" aria-label=\"Previous\" type=\"button\" aria-disabled=\"true\"><svg width=\"40\" height=\"40\" viewBox=\"0 0 40 40\" fill=\"none\" xmlns=\"http:\/\/www.w3.org\/2000\/svg\"><g><path d=\"M30 33.1366L16.9967 20.0033L30 6.86992L26.5016 3.33659L10 20.0033L26.5017 36.6699L30 33.1366Z\" fill=\"#F8F8F8\"\/><\/g><\/svg><\/button>',\n\t\t\t\t\t\tnextArrow: '<button class=\"slick-next slick-arrow\" aria-label=\"Next\" type=\"button\" aria-disabled=\"false\"><svg width=\"40\" height=\"40\" viewBox=\"0 0 40 40\" fill=\"none\" xmlns=\"http:\/\/www.w3.org\/2000\/svg\"><g><path d=\"M10 6.86341L23.0033 19.9967L10 33.1301L13.4983 36.6634L30 19.9967L13.4983 3.33008L10 6.86341Z\" fill=\"#F8F8F8\"\/><\/g><\/svg><\/button>',\n\t\t\t\t\t});\n\t\t\t\t}\n\t\t\t});\n\t\t})(jQuery)\n\t<\/script>\n<\/div>\n\n<div class=\"gb-container gb-container-ea948f71\">\n\n<h2 class=\"gb-headline gb-headline-7c3da5fb gb-headline-text\">Verge <\/h2>\n\n\n<div class=\"gb-grid-wrapper gb-grid-wrapper-0f25be1b\">\n<div class=\"gb-grid-column gb-grid-column-51754827\"><div class=\"gb-container gb-container-51754827\">\n\n<h3 class=\"gb-headline gb-headline-5b0e9c1b gb-headline-text\">Couleur<\/h3>\n\n\n\n\n\n<\/div><\/div>\n\n<div class=\"gb-grid-column gb-grid-column-638438c5\"><div class=\"gb-container gb-container-638438c5\">\n\n<h3 class=\"gb-headline gb-headline-49bc1bd5 gb-headline-text\">Si\u00e8ge<\/h3>\n\n\n\n\n\n<\/div><\/div>\n\n<div class=\"gb-grid-column gb-grid-column-e7b697c3\"><div class=\"gb-container gb-container-e7b697c3\">\n\n<h3 class=\"gb-headline gb-headline-8f3eb6b5 gb-headline-text\">Suspension<\/h3>\n\n\n\n\n\n<\/div><\/div>\n<\/div>\n\n<div class=\"gb-container gb-container-9444acd1 order-info-box\">\n<div class=\"bwf-icon-wrap bwf-icon-cc400b3\"><div class=\"bwf--icon bwf--icon-0\"><svg class=\"bwf-custom-icon\" width=\"32\" height=\"32\" viewBox=\"0 0 32 32\" fill=\"none\" xmlns=\"http:\/\/www.w3.org\/2000\/svg\">\n<path d=\"M14 18H18V8H14V18ZM18 22C18 20.894 17.106 20 16 20C14.894 20 14 20.894 14 22C14 23.106 14.894 24 16 24C17.106 24 18 23.106 18 22ZM32 16C32 7.162 24.838 0 16 0C7.162 0 0 7.162 0 16C0 24.838 7.162 32 16 32C24.838 32 32 24.838 32 16ZM28 16C28 19.206 26.75 22.218 24.488 24.488C22.218 26.75 19.206 28 16 28C12.794 28 9.782 26.75 7.512 24.488C5.25 22.218 4 19.206 4 16C4 12.794 5.25 9.782 7.512 7.512C9.782 5.25 12.794 4 16 4C19.206 4 22.218 5.25 24.488 7.512C26.75 9.782 28 12.794 28 16Z\" fill=\"black\"\/>\n<\/svg><\/a><\/div><\/div>\n\n\n<p class=\"has-text-color\" style=\"color:#555555\">Vous pouvez toujours apporter des modifications \u00e0 votre configuration m\u00eame apr\u00e8s avoir pass\u00e9 une commande.<\/p>\n\n\n\n<\/div>\n<\/div>\n\n\n\n<div class=\"bwf-accordion bwf-accordion-3 bwf-accordion-a82288d bwf-width-default hide-for-small show-for-large eu-faq-accordion\" data-allow-multiple-open=\"false\" data-open=\"none\">\n<div class=\"bwf-accordion-wrapper bwf-pane-a768fe6\"><div class=\"bwf-accordion-head\"><h2 class=\"bwf-accordion-head-tag\">Will I be able to make changes to my configuration after placing an order?<\/h2><div class=\"bwf-icon-open\"><svg class=\"slb-svg-icon\" fill=\"currentColor\" xmlns=\"http:\/\/www.w3.org\/2000\/svg\"  viewBox=\"0 0 24 24\" width=\"20px\" height=\"20px\"><path d=\"M 12 6.65625 L 11.34375 7.25 L 1.34375 16.25 L 2.65625 17.75 L 12 9.34375 L 21.34375 17.75 L 22.65625 16.25 L 12.65625 7.25 Z\"\/><\/svg><\/div><div class=\"bwf-icon-close\"><svg class=\"slb-svg-icon\" fill=\"currentColor\" xmlns=\"http:\/\/www.w3.org\/2000\/svg\"  viewBox=\"0 0 24 24\" width=\"20px\" height=\"20px\"><path d=\"M 2.65625 6.25 L 1.34375 7.75 L 11.34375 16.75 L 12 17.34375 L 12.65625 16.75 L 22.65625 7.75 L 21.34375 6.25 L 12 14.65625 Z\"\/><\/svg><\/div><\/div><div class=\"bwf-accordion-body\">\n\n<p>Absolutely! Vous pouvez toujours apporter des modifications \u00e0 votre configuration m\u00eame apr\u00e8s avoir pass\u00e9 une commande &#8211; jusqu&rsquo;au d\u00e9but de la production de votre v\u00e9lo. You are free to change any aspect of your configuration, including the model, color, seat and suspension. Just reach out to notify us of any changes you would like to make. We will also be in touch right before production to confirm you are still happy with your configuration.<\/p>\n\n<\/div><\/div>\n\n<div class=\"bwf-accordion-wrapper bwf-pane-36a6574\"><div class=\"bwf-accordion-head\"><h2 class=\"bwf-accordion-head-tag\">Do you offer consumer financing?<\/h2><div class=\"bwf-icon-open\"><svg class=\"slb-svg-icon\" fill=\"currentColor\" xmlns=\"http:\/\/www.w3.org\/2000\/svg\"  viewBox=\"0 0 24 24\" width=\"20px\" height=\"20px\"><path d=\"M 12 6.65625 L 11.34375 7.25 L 1.34375 16.25 L 2.65625 17.75 L 12 9.34375 L 21.34375 17.75 L 22.65625 16.25 L 12.65625 7.25 Z\"\/><\/svg><\/div><div class=\"bwf-icon-close\"><svg class=\"slb-svg-icon\" fill=\"currentColor\" xmlns=\"http:\/\/www.w3.org\/2000\/svg\"  viewBox=\"0 0 24 24\" width=\"20px\" height=\"20px\"><path d=\"M 2.65625 6.25 L 1.34375 7.75 L 11.34375 16.75 L 12 17.34375 L 12.65625 16.75 L 22.65625 7.75 L 21.34375 6.25 L 12 14.65625 Z\"\/><\/svg><\/div><\/div><div class=\"bwf-accordion-body\">\n\n<p>To give our customers more options for payment, we are negotiating with one of the world&rsquo;s leading consumer finance enterprises to offer financing options for those interested. During the checkout process we will ask about your interest in consumer financing \u2013 check the relevant checkbox and we will do our best to assist you with financing as payment of the bike approaches. If you need financing, but unfortunately do not get approved for it, you are free to cancel your order.<\/p>\n\n<\/div><\/div>\n\n<div class=\"bwf-accordion-wrapper bwf-pane-ad9dc9f\"><div class=\"bwf-accordion-head\"><h2 class=\"bwf-accordion-head-tag\">Is it possible to cancel my order?<\/h2><div class=\"bwf-icon-open\"><svg class=\"slb-svg-icon\" fill=\"currentColor\" xmlns=\"http:\/\/www.w3.org\/2000\/svg\"  viewBox=\"0 0 24 24\" width=\"20px\" height=\"20px\"><path d=\"M 12 6.65625 L 11.34375 7.25 L 1.34375 16.25 L 2.65625 17.75 L 12 9.34375 L 21.34375 17.75 L 22.65625 16.25 L 12.65625 7.25 Z\"\/><\/svg><\/div><div class=\"bwf-icon-close\"><svg class=\"slb-svg-icon\" fill=\"currentColor\" xmlns=\"http:\/\/www.w3.org\/2000\/svg\"  viewBox=\"0 0 24 24\" width=\"20px\" height=\"20px\"><path d=\"M 2.65625 6.25 L 1.34375 7.75 L 11.34375 16.75 L 12 17.34375 L 12.65625 16.75 L 22.65625 7.75 L 21.34375 6.25 L 12 14.65625 Z\"\/><\/svg><\/div><\/div><div class=\"bwf-accordion-body\">\n\n<p>Yes. While we of course wish to deliver you the exhilarating experience of owning and riding a Verge motorcycle, we understand that for any number of reasons you may need or wish to cancel your order. Cancellation is possible until your bike goes into production. In the event of cancelling your order, no additional costs will be incurred beyond the non-refundable order fee paid already at the time of order.<\/p>\n\n<\/div><\/div>\n<\/div>\n<\/div><\/div>\n\n<div class=\"gb-grid-column gb-grid-column-33e07824\"><div class=\"gb-container gb-container-33e07824\">\n\n<h2 class=\"gb-headline gb-headline-ba06ecf8 gb-headline-text\">LIVRAISON ESTIM\u00c9E<\/h2>\n\n\n\n<p>Cart is empty<\/p>\n\n\n<div class=\"gb-container gb-container-4b967c40 icon-container\">\n<div class=\"bwf-icon-wrap bwf-icon-b3e42ff\"><div class=\"bwf--icon bwf--icon-0\"><svg class=\"bwf-custom-icon\" width=\"32\" height=\"32\" viewBox=\"0 0 32 32\" fill=\"none\" xmlns=\"http:\/\/www.w3.org\/2000\/svg\">\n<path d=\"M14 18H18V8H14V18ZM18 22C18 20.894 17.106 20 16 20C14.894 20 14 20.894 14 22C14 23.106 14.894 24 16 24C17.106 24 18 23.106 18 22ZM32 16C32 7.162 24.838 0 16 0C7.162 0 0 7.162 0 16C0 24.838 7.162 32 16 32C24.838 32 32 24.838 32 16ZM28 16C28 19.206 26.75 22.218 24.488 24.488C22.218 26.75 19.206 28 16 28C12.794 28 9.782 26.75 7.512 24.488C5.25 22.218 4 19.206 4 16C4 12.794 5.25 9.782 7.512 7.512C9.782 5.25 12.794 4 16 4C19.206 4 22.218 5.25 24.488 7.512C26.75 9.782 28 12.794 28 16Z\" fill=\"black\"\/>\n<\/svg><\/a><\/div><\/div>\n\n\n<p>Commandez maintenant pour r\u00e9server votre place dans la file d&rsquo;attente de livraison.<\/p>\n\n<\/div>\n\n\n\n\n<h2 class=\"gb-headline gb-headline-aeb6d895 gb-headline-text\">PRIX<\/h2>\n\n\n\n\n\n<h2 class=\"gb-headline gb-headline-cfbad87f gb-headline-text\">Processus de paiement<\/h2>\n\n\n\n\n\n<a target=\"_blank\" rel=\"noopener noreferrer\" class=\"gb-button gb-button-7bf8390b btn-dark-arrow\" href=\"https:\/\/www.vergemotorcycles.com\/order\/fr_fr\/checkout\/\"><span class=\"gb-button-text\">Paiement (<span class=\"woocommerce-Price-amount amount\"><bdi>100 <span class=\"woocommerce-Price-currencySymbol\">\u20ac<\/span><\/bdi><\/span>)<\/span><span class=\"gb-icon\"><svg xmlns=\"http:\/\/www.w3.org\/2000\/svg\" fill=\"none\" viewbox=\"0 0 36 14\" height=\"14\" width=\"36\"> <path stroke-width=\"0.2\" stroke=\"#F8F8F8\" fill=\"#F8F8F8\" d=\"M29.1566 0.929798L29.0854 0.857553L29.0142 0.929799L27.6361 2.32782L27.5669 2.39802L27.6361 2.46822L31.0303 5.9115H1H0.9V6.0115V7.98863V8.08863H1L31.0301 8.08869L27.6361 11.5318L27.5669 11.602L27.6361 11.6722L29.0142 13.0702L29.0854 13.1424L29.1566 13.0702L35.0712 7.0702L35.1404 7L35.0712 6.9298L29.1566 0.929798Z\"><\/path> <\/svg><\/span><\/a>\n\n\n\n<a target=\"_blank\" rel=\"noopener noreferrer\" class=\"gb-button gb-button-2f065f3c gb-button-text popup-btn\" href=\"#\"><\/a>\n\n\n<div class=\"gb-grid-wrapper gb-grid-wrapper-df411a7d\">\n<div class=\"gb-grid-column gb-grid-column-e25793c7\"><div class=\"gb-container gb-container-e25793c7\">\n<div class=\"bwf-icon-wrap bwf-icon-62f4f83\"><div class=\"bwf--icon bwf--icon-0\"><svg class=\"bwf-custom-icon\" width=\"20\" height=\"24\" viewBox=\"0 0 20 24\" fill=\"none\" xmlns=\"http:\/\/www.w3.org\/2000\/svg\">\n<path d=\"M16.25 8.4V6C16.25 2.64 13.5 0 10 0C6.5 0 3.75 2.64 3.75 6V8.4C1.625 8.4 0 9.96 0 12V20.4C0 22.44 1.625 24 3.75 24H16.25C18.375 24 20 22.44 20 20.4V12C20 9.96 18.375 8.4 16.25 8.4ZM6.25 6C6.25 3.96 7.875 2.4 10 2.4C12.125 2.4 13.75 3.96 13.75 6V8.4H6.25V6ZM11.375 16.2L11.25 16.32V18C11.25 18.72 10.75 19.2 10 19.2C9.25 19.2 8.75 18.72 8.75 18V16.32C8 15.6 7.875 14.52 8.625 13.8C9.375 13.08 10.5 12.96 11.25 13.68C12 14.28 12.125 15.48 11.375 16.2Z\" fill=\"#181818\"\/>\n<\/svg><\/a><\/div><\/div>\n\n\n<p>Paiement s\u00fbr et s\u00e9curis\u00e9<\/p>\n\n<\/div><\/div>\n\n<div class=\"gb-grid-column gb-grid-column-41c08ebf\"><div class=\"gb-container gb-container-41c08ebf\">\n\n<figure class=\"gb-block-image gb-block-image-bbcc5fcd\"><img decoding=\"async\" class=\"gb-image gb-image-bbcc5fcd\" src=\"https:\/\/www.vergemotorcycles.com\/order\/wp-content\/uploads\/2024\/03\/Powered-by-Stripe.svg\" alt=\"\" title=\"Powered by Stripe\"><\/figure>\n\n<\/div><\/div>\n<\/div>\n\n\n<figure class=\"gb-block-image gb-block-image-0cf3b32e\"><img loading=\"lazy\" decoding=\"async\" width=\"1112\" height=\"96\" class=\"gb-image gb-image-0cf3b32e\" src=\"https:\/\/www.vergemotorcycles.com\/order\/wp-content\/uploads\/2024\/03\/payment-icons-2.png\" alt=\"\" title=\"payment-icons (2)\" srcset=\"https:\/\/www.vergemotorcycles.com\/order\/wp-content\/uploads\/2024\/03\/payment-icons-2.png 1112w, https:\/\/www.vergemotorcycles.com\/order\/wp-content\/uploads\/2024\/03\/payment-icons-2-300x26.png 300w, https:\/\/www.vergemotorcycles.com\/order\/wp-content\/uploads\/2024\/03\/payment-icons-2-1024x88.png 1024w, https:\/\/www.vergemotorcycles.com\/order\/wp-content\/uploads\/2024\/03\/payment-icons-2-768x66.png 768w, https:\/\/www.vergemotorcycles.com\/order\/wp-content\/uploads\/2024\/03\/payment-icons-2-600x52.png 600w\" sizes=\"auto, (max-width: 1112px) 100vw, 1112px\" \/><\/figure>\n\n\n\n<p class=\"hide-for-small show-for-large has-text-color has-small-font-size\" style=\"color:#555555\"><sup>1<\/sup> Non remboursable en cas d&rsquo;annulation de commande, sauf lorsque les droits d&rsquo;annulation l\u00e9gaux s&rsquo;appliquent.<\/p>\n\n\n\n<p class=\"hide-for-small show-for-large has-text-color has-small-font-size\" style=\"color:#555555\"><sup>2<\/sup> Si vous choisissez de demander un financement \u00e0 la consommation par un tiers, des frais de financement suppl\u00e9mentaires peuvent s&rsquo;appliquer.<\/p>\n\n\n<div class=\"gb-container gb-container-52cc979c hide-for-large\">\n\n\n<div class=\"bwf-accordion bwf-accordion-3 bwf-accordion-8ae06d3 bwf-width-default eu-faq-accordion\" data-allow-multiple-open=\"false\" data-open=\"none\">\n<div class=\"bwf-accordion-wrapper bwf-pane-f36be05\"><div class=\"bwf-accordion-head\"><h2 class=\"bwf-accordion-head-tag\">Will I be able to make changes to my configuration after placing an order?<\/h2><div class=\"bwf-icon-open\"><svg class=\"slb-svg-icon\" fill=\"currentColor\" xmlns=\"http:\/\/www.w3.org\/2000\/svg\"  viewBox=\"0 0 24 24\" width=\"20px\" height=\"20px\"><path d=\"M 12 6.65625 L 11.34375 7.25 L 1.34375 16.25 L 2.65625 17.75 L 12 9.34375 L 21.34375 17.75 L 22.65625 16.25 L 12.65625 7.25 Z\"\/><\/svg><\/div><div class=\"bwf-icon-close\"><svg class=\"slb-svg-icon\" fill=\"currentColor\" xmlns=\"http:\/\/www.w3.org\/2000\/svg\"  viewBox=\"0 0 24 24\" width=\"20px\" height=\"20px\"><path d=\"M 2.65625 6.25 L 1.34375 7.75 L 11.34375 16.75 L 12 17.34375 L 12.65625 16.75 L 22.65625 7.75 L 21.34375 6.25 L 12 14.65625 Z\"\/><\/svg><\/div><\/div><div class=\"bwf-accordion-body\">\n\n<p>Absolutely! Vous pouvez toujours apporter des modifications \u00e0 votre configuration m\u00eame apr\u00e8s avoir pass\u00e9 une commande &#8211; jusqu&rsquo;au d\u00e9but de la production de votre v\u00e9lo. You are free to change any aspect of your configuration, including the model, color, seat and suspension. Just reach out to notify us of any changes you would like to make. We will also be in touch right before production to confirm you are still happy with your configuration.<\/p>\n\n<\/div><\/div>\n\n<div class=\"bwf-accordion-wrapper bwf-pane-0139e08\"><div class=\"bwf-accordion-head\"><h2 class=\"bwf-accordion-head-tag\">Do you offer consumer financing?<\/h2><div class=\"bwf-icon-open\"><svg class=\"slb-svg-icon\" fill=\"currentColor\" xmlns=\"http:\/\/www.w3.org\/2000\/svg\"  viewBox=\"0 0 24 24\" width=\"20px\" height=\"20px\"><path d=\"M 12 6.65625 L 11.34375 7.25 L 1.34375 16.25 L 2.65625 17.75 L 12 9.34375 L 21.34375 17.75 L 22.65625 16.25 L 12.65625 7.25 Z\"\/><\/svg><\/div><div class=\"bwf-icon-close\"><svg class=\"slb-svg-icon\" fill=\"currentColor\" xmlns=\"http:\/\/www.w3.org\/2000\/svg\"  viewBox=\"0 0 24 24\" width=\"20px\" height=\"20px\"><path d=\"M 2.65625 6.25 L 1.34375 7.75 L 11.34375 16.75 L 12 17.34375 L 12.65625 16.75 L 22.65625 7.75 L 21.34375 6.25 L 12 14.65625 Z\"\/><\/svg><\/div><\/div><div class=\"bwf-accordion-body\">\n\n<p>To give our customers more options for payment, we are negotiating with one of the world&rsquo;s leading consumer finance enterprises to offer financing options for those interested. During the checkout process we will ask about your interest in consumer financing \u2013 check the relevant checkbox and we will do our best to assist you with financing as payment of the bike approaches. If you need financing, but unfortunately do not get approved for it, you are free to cancel your order.<\/p>\n\n<\/div><\/div>\n\n<div class=\"bwf-accordion-wrapper bwf-pane-5610d5e\"><div class=\"bwf-accordion-head\"><h2 class=\"bwf-accordion-head-tag\">Is it possible to cancel my order?<\/h2><div class=\"bwf-icon-open\"><svg class=\"slb-svg-icon\" fill=\"currentColor\" xmlns=\"http:\/\/www.w3.org\/2000\/svg\"  viewBox=\"0 0 24 24\" width=\"20px\" height=\"20px\"><path d=\"M 12 6.65625 L 11.34375 7.25 L 1.34375 16.25 L 2.65625 17.75 L 12 9.34375 L 21.34375 17.75 L 22.65625 16.25 L 12.65625 7.25 Z\"\/><\/svg><\/div><div class=\"bwf-icon-close\"><svg class=\"slb-svg-icon\" fill=\"currentColor\" xmlns=\"http:\/\/www.w3.org\/2000\/svg\"  viewBox=\"0 0 24 24\" width=\"20px\" height=\"20px\"><path d=\"M 2.65625 6.25 L 1.34375 7.75 L 11.34375 16.75 L 12 17.34375 L 12.65625 16.75 L 22.65625 7.75 L 21.34375 6.25 L 12 14.65625 Z\"\/><\/svg><\/div><\/div><div class=\"bwf-accordion-body\">\n\n<p>Yes. While we of course wish to deliver you the exhilarating experience of owning and riding a Verge motorcycle, we understand that for any number of reasons you may need or wish to cancel your order. Cancellation is possible until your bike goes into production. In the event of cancelling your order, no additional costs will be incurred beyond the non-refundable order fee paid already at the time of order.<\/p>\n\n<\/div><\/div>\n<\/div>\n\n\n<p class=\"gb-headline gb-headline-1cb0ed9f gb-headline-text hide-for-large\"><sup>1<\/sup> Non remboursable en cas d&rsquo;annulation de commande, sauf lorsque les droits d&rsquo;annulation l\u00e9gaux s&rsquo;appliquent.<\/p>\n\n\n\n<p class=\"gb-headline gb-headline-bbc22e91 gb-headline-text hide-for-large\"><sup>2<\/sup> Si vous choisissez de demander un financement \u00e0 la consommation par un tiers, des frais de financement suppl\u00e9mentaires peuvent s&rsquo;appliquer.<\/p>\n\n<\/div>\n<\/div><\/div>\n<\/div>\n<\/div>\n<\/div>","protected":false},"excerpt":{"rendered":"<p>Your verge<\/p>\n","protected":false},"author":3,"featured_media":0,"parent":0,"menu_order":0,"comment_status":"closed","ping_status":"closed","template":"templates\/template-cart.php","meta":{"_acf_changed":false,"bwfblock_default_font":"","footnotes":""},"class_list":["post-472","page","type-page","status-publish"],"acf":[],"_links":{"self":[{"href":"https:\/\/www.vergemotorcycles.com\/order\/fr_fr\/wp-json\/wp\/v2\/pages\/472","targetHints":{"allow":["GET"]}}],"collection":[{"href":"https:\/\/www.vergemotorcycles.com\/order\/fr_fr\/wp-json\/wp\/v2\/pages"}],"about":[{"href":"https:\/\/www.vergemotorcycles.com\/order\/fr_fr\/wp-json\/wp\/v2\/types\/page"}],"author":[{"embeddable":true,"href":"https:\/\/www.vergemotorcycles.com\/order\/fr_fr\/wp-json\/wp\/v2\/users\/3"}],"replies":[{"embeddable":true,"href":"https:\/\/www.vergemotorcycles.com\/order\/fr_fr\/wp-json\/wp\/v2\/comments?post=472"}],"version-history":[{"count":77,"href":"https:\/\/www.vergemotorcycles.com\/order\/fr_fr\/wp-json\/wp\/v2\/pages\/472\/revisions"}],"predecessor-version":[{"id":15994,"href":"https:\/\/www.vergemotorcycles.com\/order\/fr_fr\/wp-json\/wp\/v2\/pages\/472\/revisions\/15994"}],"wp:attachment":[{"href":"https:\/\/www.vergemotorcycles.com\/order\/fr_fr\/wp-json\/wp\/v2\/media?parent=472"}],"curies":[{"name":"wp","href":"https:\/\/api.w.org\/{rel}","templated":true}]}}