{"id":2573,"date":"2023-12-14T11:24:02","date_gmt":"2023-12-14T11:24:02","guid":{"rendered":"https:\/\/www.vergemotorcycles.com\/order\/youre-all-set\/"},"modified":"2025-06-23T12:13:11","modified_gmt":"2025-06-23T12:13:11","slug":"youre-all-set","status":"publish","type":"page","link":"https:\/\/www.vergemotorcycles.com\/order\/es_es\/youre-all-set\/","title":{"rendered":"TODO LISTO."},"content":{"rendered":"<div class=\"gb-container gb-container-1a54834e alignfull\">\n<div class=\"gb-container gb-container-d7786874\">\n<div class=\"bwf-icon-wrap bwf-icon-8216080\"><div class=\"bwf--icon bwf--icon-0\"><svg class=\"bwf-custom-icon\" width=\"80\" height=\"80\" viewBox=\"0 0 80 80\" fill=\"none\" xmlns=\"http:\/\/www.w3.org\/2000\/svg\">\n<circle cx=\"40\" cy=\"40\" r=\"40\" fill=\"#181818\"\/>\n<path transform=\"translate(20 20)\" d=\"M15.0003 26.9497L8.05026 19.9997L5.68359 22.3497L15.0003 31.6664L35.0003 11.6664L32.6503 9.31641L15.0003 26.9497Z\" fill=\"#F8F8F8\"\/>\n<\/svg><\/a><\/div><\/div>\n\n<div class=\"gb-container gb-container-5d15afca normal-flow-message\">\n\n<h2 class=\"gb-headline gb-headline-24502c6d gb-headline-text\">TODO LISTO.<\/h2>\n\n\n\n<p class=\"gb-headline gb-headline-2ef4743d gb-headline-text all-set-text text--eu\">Gracias por su compra! Una vez que hayamos procesado su pedido, le enviaremos un correo electr\u00f3nico de confirmaci\u00f3n con los detalles de su pedido.<\/p>\n\n\n\n<p class=\"gb-headline gb-headline-4bb4d2f2 gb-headline-text all-set-text text--us\">Thank you for your reservation! Once we have processed your reservation, we\u2019ll send you a confirmation email with your reservation details.<\/p>\n\n<\/div>\n\n<div class=\"gb-container gb-container-537d543e bank-flow-message\">\n\n<h2 class=\"gb-headline gb-headline-6a9380ac gb-headline-text\">Comprueba tu correo electr\u00f3nico<\/h2>\n\n\n\n<p class=\"gb-headline gb-headline-0ecfa58e gb-headline-text\">Gracias por su compra! Recibir\u00e1s un correo electr\u00f3nico con las instrucciones de transferencia bancaria en los pr\u00f3ximos 3-5 minutos. Para completar tu compra y pasar tu pedido a producci\u00f3n, sigue los pasos indicados en ese correo para transferir el saldo restante. <\/p>\n\n<\/div>\n<\/div>\n<\/div><div class=\"gb-container gb-container-43a21b9c alignfull\">\n<div class=\"gb-container gb-container-9efa32a8\">\n<div class=\"gb-grid-wrapper gb-grid-wrapper-2dad5620\">\n<div class=\"gb-grid-column gb-grid-column-16c8b815\"><div class=\"gb-container gb-container-16c8b815\">\n\n\n<\/div><\/div>\n\n<div class=\"gb-grid-column gb-grid-column-6ed5b66d\"><div class=\"gb-container gb-container-6ed5b66d\">\n\n<p class=\"has-text-align-right\"><\/p>\n\n<\/div><\/div>\n<\/div>\n<\/div>\n<\/div><div class=\"gb-container gb-container-c0204b35 alignfull\">\n<div class=\"gb-container gb-container-5c92afa7\">\n<div class=\"gb-grid-wrapper gb-grid-wrapper-80d1d064\">\n<div class=\"gb-grid-column gb-grid-column-c4bc5895\"><div class=\"gb-container gb-container-c4bc5895\">\n<div class=\"bike-box\">\n\t<div class=\"bike-box__slider\" id=\"bike-slider-69d07077aaaca\">\n\t\t\t\t\t<div class=\"slick-slide\">\n\t\t\t\t<img decoding=\"async\" src=\"https:\/\/www.vergemotorcycles.com\/order\/wp-content\/themes\/generatepress_child\/assets\/images\/tmp2.jpg\" alt=\"\">\n\t\t\t<\/div>\n\t\t\t<div class=\"slick-slide\">\n\t\t\t\t<img decoding=\"async\" src=\"https:\/\/www.vergemotorcycles.com\/order\/wp-content\/themes\/generatepress_child\/assets\/images\/tmp2.jpg\" alt=\"\">\n\t\t\t<\/div>\n\t\t\t<div class=\"slick-slide\">\n\t\t\t\t<img decoding=\"async\" src=\"https:\/\/www.vergemotorcycles.com\/order\/wp-content\/themes\/generatepress_child\/assets\/images\/tmp2.jpg\" alt=\"\">\n\t\t\t<\/div>\n\t\t\t<\/div>\n\t<script>\n\t\t(function($){\n\t\t\t$(document).ready(function(){\n\t\t\t\tvar $cart_box_slider = $('#bike-slider-69d07077aaaca');\n\t\t\t\tif($cart_box_slider.length){\n\t\t\t\t\t$cart_box_slider.slick({\n\t\t\t\t\t\tdots: true,\n\t\t\t\t\t\tarrows: false,\n\t\t\t\t\t\tadaptiveHeight : true,\n\t\t\t\t\t\tprevArrow: '<button class=\"slick-prev slick-arrow\" aria-label=\"Previous\" type=\"button\" aria-disabled=\"true\"><svg width=\"40\" height=\"40\" viewBox=\"0 0 40 40\" fill=\"none\" xmlns=\"http:\/\/www.w3.org\/2000\/svg\"><g><path d=\"M30 33.1366L16.9967 20.0033L30 6.86992L26.5016 3.33659L10 20.0033L26.5017 36.6699L30 33.1366Z\" fill=\"#F8F8F8\"\/><\/g><\/svg><\/button>',\n\t\t\t\t\t\tnextArrow: '<button class=\"slick-next slick-arrow\" aria-label=\"Next\" type=\"button\" aria-disabled=\"false\"><svg width=\"40\" height=\"40\" viewBox=\"0 0 40 40\" fill=\"none\" xmlns=\"http:\/\/www.w3.org\/2000\/svg\"><g><path d=\"M10 6.86341L23.0033 19.9967L10 33.1301L13.4983 36.6634L30 19.9967L13.4983 3.33008L10 6.86341Z\" fill=\"#F8F8F8\"\/><\/g><\/svg><\/button>',\n\t\t\t\t\t});\n\t\t\t\t}\n\t\t\t});\n\t\t})(jQuery)\n\t<\/script>\n<\/div>\n\n<div class=\"gb-container gb-container-ea948f71\">\n\n<h2 class=\"gb-headline gb-headline-7c3da5fb gb-headline-text\">Verge <\/h2>\n\n\n<div class=\"gb-grid-wrapper gb-grid-wrapper-0f25be1b\">\n<div class=\"gb-grid-column gb-grid-column-51754827\"><div class=\"gb-container gb-container-51754827\">\n\n<h3 class=\"gb-headline gb-headline-5b0e9c1b gb-headline-text\">Color<\/h3>\n\n\n\n\n\n<\/div><\/div>\n\n<div class=\"gb-grid-column gb-grid-column-638438c5\"><div class=\"gb-container gb-container-638438c5\">\n\n<h3 class=\"gb-headline gb-headline-49bc1bd5 gb-headline-text\">Asiento<\/h3>\n\n\n\n\n\n<\/div><\/div>\n\n<div class=\"gb-grid-column gb-grid-column-e7b697c3\"><div class=\"gb-container gb-container-e7b697c3\">\n\n<h3 class=\"gb-headline gb-headline-8f3eb6b5 gb-headline-text\">Suspensi\u00f3n<\/h3>\n\n\n\n\n\n<\/div><\/div>\n<\/div>\n<\/div>\n<\/div><\/div>\n\n<div class=\"gb-grid-column gb-grid-column-33e07824\"><div class=\"gb-container gb-container-33e07824\">\n\n<h2 class=\"gb-headline gb-headline-ba06ecf8 gb-headline-text\">ENTREGA ESTIMADA<\/h2>\n\n\n\n<p>Cart is empty<\/p>\n\n\n\n<h2 class=\"gb-headline gb-headline-aeb6d895 gb-headline-text\">PRECIO<\/h2>\n\n\n\n\n\n<div class=\"order-details\">\n\t<h3 class=\"form-subtitle js-order-form-subtitle\">\n\t\t\t\t\tDETALLES DEL PEDIDO\t\t\t\t\n\t<\/h3>\n\t<div class=\"v-total__row\">\n\t\t<strong>Entrega<\/strong>\n\t\t\t<\/div>\n\t<div class=\"js-delivery-address\">\n\t\t\t<\/div>\n\t\n\t<div class=\"v-total__row\">\n\t\t<strong>Facturaci\u00f3n<\/strong>\n\t\t\t<\/div>\n\t<div class=\"js-billing-address\">\n\t\t\t<\/div>\n<\/div>\n\n\n<\/div><\/div>\n<\/div>\n<\/div>\n<\/div>","protected":false},"excerpt":{"rendered":"<p>TODO LISTO. Gracias por su compra! Una vez que hayamos procesado su pedido, le enviaremos un correo electr\u00f3nico de confirmaci\u00f3n con los detalles de su pedido. Thank you for your reservation! Once we have processed your reservation, we\u2019ll send you a confirmation email with your reservation details. Comprueba tu correo electr\u00f3nico Gracias por su compra! &#8230; <a title=\"TODO LISTO.\" class=\"read-more\" href=\"https:\/\/www.vergemotorcycles.com\/order\/es_es\/youre-all-set\/\" aria-label=\"Read more about TODO LISTO.\">Read more<\/a><\/p>\n","protected":false},"author":3,"featured_media":0,"parent":0,"menu_order":0,"comment_status":"closed","ping_status":"closed","template":"templates\/template-thanks.php","meta":{"_acf_changed":false,"bwfblock_default_font":"","footnotes":""},"class_list":["post-2573","page","type-page","status-publish"],"acf":[],"_links":{"self":[{"href":"https:\/\/www.vergemotorcycles.com\/order\/es_es\/wp-json\/wp\/v2\/pages\/2573","targetHints":{"allow":["GET"]}}],"collection":[{"href":"https:\/\/www.vergemotorcycles.com\/order\/es_es\/wp-json\/wp\/v2\/pages"}],"about":[{"href":"https:\/\/www.vergemotorcycles.com\/order\/es_es\/wp-json\/wp\/v2\/types\/page"}],"author":[{"embeddable":true,"href":"https:\/\/www.vergemotorcycles.com\/order\/es_es\/wp-json\/wp\/v2\/users\/3"}],"replies":[{"embeddable":true,"href":"https:\/\/www.vergemotorcycles.com\/order\/es_es\/wp-json\/wp\/v2\/comments?post=2573"}],"version-history":[{"count":25,"href":"https:\/\/www.vergemotorcycles.com\/order\/es_es\/wp-json\/wp\/v2\/pages\/2573\/revisions"}],"predecessor-version":[{"id":19070,"href":"https:\/\/www.vergemotorcycles.com\/order\/es_es\/wp-json\/wp\/v2\/pages\/2573\/revisions\/19070"}],"wp:attachment":[{"href":"https:\/\/www.vergemotorcycles.com\/order\/es_es\/wp-json\/wp\/v2\/media?parent=2573"}],"curies":[{"name":"wp","href":"https:\/\/api.w.org\/{rel}","templated":true}]}}