{"id":2566,"date":"2023-12-14T11:24:02","date_gmt":"2023-12-14T11:24:02","guid":{"rendered":"https:\/\/www.vergemotorcycles.com\/order\/youre-all-set\/"},"modified":"2025-06-23T12:08:43","modified_gmt":"2025-06-23T12:08:43","slug":"youre-all-set","status":"publish","type":"page","link":"https:\/\/www.vergemotorcycles.com\/order\/de_de\/youre-all-set\/","title":{"rendered":"BESTELLUNG ABGESCHLOSSEN."},"content":{"rendered":"<div class=\"gb-container gb-container-1a54834e alignfull\">\n<div class=\"gb-container gb-container-d7786874\">\n<div class=\"bwf-icon-wrap bwf-icon-8216080\"><div class=\"bwf--icon bwf--icon-0\"><svg class=\"bwf-custom-icon\" width=\"80\" height=\"80\" viewBox=\"0 0 80 80\" fill=\"none\" xmlns=\"http:\/\/www.w3.org\/2000\/svg\">\n<circle cx=\"40\" cy=\"40\" r=\"40\" fill=\"#181818\"\/>\n<path transform=\"translate(20 20)\" d=\"M15.0003 26.9497L8.05026 19.9997L5.68359 22.3497L15.0003 31.6664L35.0003 11.6664L32.6503 9.31641L15.0003 26.9497Z\" fill=\"#F8F8F8\"\/>\n<\/svg><\/a><\/div><\/div>\n\n<div class=\"gb-container gb-container-5d15afca normal-flow-message\">\n\n<h2 class=\"gb-headline gb-headline-24502c6d gb-headline-text\">BESTELLUNG ABGESCHLOSSEN.<\/h2>\n\n\n\n<p class=\"gb-headline gb-headline-2ef4743d gb-headline-text all-set-text text--eu\">Danke f\u00fcr Ihren Einkauf! Wir stellen Ihnen eine Best\u00e4tigungs-E-Mail mit Ihren Bestelldaten zu.<\/p>\n\n\n\n<p class=\"gb-headline gb-headline-4bb4d2f2 gb-headline-text all-set-text text--us\">Thank you for your reservation! Once we have processed your reservation, we\u2019ll send you a confirmation email with your reservation details.<\/p>\n\n<\/div>\n\n<div class=\"gb-container gb-container-537d543e bank-flow-message\">\n\n<h2 class=\"gb-headline gb-headline-6a9380ac gb-headline-text\">\u00dcberpr\u00fcfen Sie Ihre E-Mails<\/h2>\n\n\n\n<p class=\"gb-headline gb-headline-0ecfa58e gb-headline-text\">Danke f\u00fcr Ihren Einkauf! Sie erhalten in den n\u00e4chsten 3\u20135 Minuten eine E-Mail mit Anweisungen zur Bank\u00fcberweisung. Um Ihren Kauf abzuschlie\u00dfen und Ihre Bestellung in Produktion zu geben, befolgen Sie bitte die Schritte in dieser E-Mail, um den Restbetrag zu \u00fcberweisen. <\/p>\n\n<\/div>\n<\/div>\n<\/div><div class=\"gb-container gb-container-43a21b9c alignfull\">\n<div class=\"gb-container gb-container-9efa32a8\">\n<div class=\"gb-grid-wrapper gb-grid-wrapper-2dad5620\">\n<div class=\"gb-grid-column gb-grid-column-16c8b815\"><div class=\"gb-container gb-container-16c8b815\">\n\n\n<\/div><\/div>\n\n<div class=\"gb-grid-column gb-grid-column-6ed5b66d\"><div class=\"gb-container gb-container-6ed5b66d\">\n\n<p class=\"has-text-align-right\"><\/p>\n\n<\/div><\/div>\n<\/div>\n<\/div>\n<\/div><div class=\"gb-container gb-container-c0204b35 alignfull\">\n<div class=\"gb-container gb-container-5c92afa7\">\n<div class=\"gb-grid-wrapper gb-grid-wrapper-80d1d064\">\n<div class=\"gb-grid-column gb-grid-column-c4bc5895\"><div class=\"gb-container gb-container-c4bc5895\">\n<div class=\"bike-box\">\n\t<div class=\"bike-box__slider\" id=\"bike-slider-69d086e93132c\">\n\t\t\t\t\t<div class=\"slick-slide\">\n\t\t\t\t<img decoding=\"async\" src=\"https:\/\/www.vergemotorcycles.com\/order\/wp-content\/themes\/generatepress_child\/assets\/images\/tmp2.jpg\" alt=\"\">\n\t\t\t<\/div>\n\t\t\t<div class=\"slick-slide\">\n\t\t\t\t<img decoding=\"async\" src=\"https:\/\/www.vergemotorcycles.com\/order\/wp-content\/themes\/generatepress_child\/assets\/images\/tmp2.jpg\" alt=\"\">\n\t\t\t<\/div>\n\t\t\t<div class=\"slick-slide\">\n\t\t\t\t<img decoding=\"async\" src=\"https:\/\/www.vergemotorcycles.com\/order\/wp-content\/themes\/generatepress_child\/assets\/images\/tmp2.jpg\" alt=\"\">\n\t\t\t<\/div>\n\t\t\t<\/div>\n\t<script>\n\t\t(function($){\n\t\t\t$(document).ready(function(){\n\t\t\t\tvar $cart_box_slider = $('#bike-slider-69d086e93132c');\n\t\t\t\tif($cart_box_slider.length){\n\t\t\t\t\t$cart_box_slider.slick({\n\t\t\t\t\t\tdots: true,\n\t\t\t\t\t\tarrows: false,\n\t\t\t\t\t\tadaptiveHeight : true,\n\t\t\t\t\t\tprevArrow: '<button class=\"slick-prev slick-arrow\" aria-label=\"Previous\" type=\"button\" aria-disabled=\"true\"><svg width=\"40\" height=\"40\" viewBox=\"0 0 40 40\" fill=\"none\" xmlns=\"http:\/\/www.w3.org\/2000\/svg\"><g><path d=\"M30 33.1366L16.9967 20.0033L30 6.86992L26.5016 3.33659L10 20.0033L26.5017 36.6699L30 33.1366Z\" fill=\"#F8F8F8\"\/><\/g><\/svg><\/button>',\n\t\t\t\t\t\tnextArrow: '<button class=\"slick-next slick-arrow\" aria-label=\"Next\" type=\"button\" aria-disabled=\"false\"><svg width=\"40\" height=\"40\" viewBox=\"0 0 40 40\" fill=\"none\" xmlns=\"http:\/\/www.w3.org\/2000\/svg\"><g><path d=\"M10 6.86341L23.0033 19.9967L10 33.1301L13.4983 36.6634L30 19.9967L13.4983 3.33008L10 6.86341Z\" fill=\"#F8F8F8\"\/><\/g><\/svg><\/button>',\n\t\t\t\t\t});\n\t\t\t\t}\n\t\t\t});\n\t\t})(jQuery)\n\t<\/script>\n<\/div>\n\n<div class=\"gb-container gb-container-ea948f71\">\n\n<h2 class=\"gb-headline gb-headline-7c3da5fb gb-headline-text\">Verge <\/h2>\n\n\n<div class=\"gb-grid-wrapper gb-grid-wrapper-0f25be1b\">\n<div class=\"gb-grid-column gb-grid-column-51754827\"><div class=\"gb-container gb-container-51754827\">\n\n<h3 class=\"gb-headline gb-headline-5b0e9c1b gb-headline-text\">Farbe<\/h3>\n\n\n\n\n\n<\/div><\/div>\n\n<div class=\"gb-grid-column gb-grid-column-638438c5\"><div class=\"gb-container gb-container-638438c5\">\n\n<h3 class=\"gb-headline gb-headline-49bc1bd5 gb-headline-text\">Sitz<\/h3>\n\n\n\n\n\n<\/div><\/div>\n\n<div class=\"gb-grid-column gb-grid-column-e7b697c3\"><div class=\"gb-container gb-container-e7b697c3\">\n\n<h3 class=\"gb-headline gb-headline-8f3eb6b5 gb-headline-text\">Federung<\/h3>\n\n\n\n\n\n<\/div><\/div>\n<\/div>\n<\/div>\n<\/div><\/div>\n\n<div class=\"gb-grid-column gb-grid-column-33e07824\"><div class=\"gb-container gb-container-33e07824\">\n\n<h2 class=\"gb-headline gb-headline-ba06ecf8 gb-headline-text\">Voraussichtliche Lieferung<\/h2>\n\n\n\n<p>Cart is empty<\/p>\n\n\n\n<h2 class=\"gb-headline gb-headline-aeb6d895 gb-headline-text\">Preis<\/h2>\n\n\n\n\n\n<div class=\"order-details\">\n\t<h3 class=\"form-subtitle js-order-form-subtitle\">\n\t\t\t\t\tBESTELL DETAILS\t\t\t\t\n\t<\/h3>\n\t<div class=\"v-total__row\">\n\t\t<strong>Lieferung<\/strong>\n\t\t\t<\/div>\n\t<div class=\"js-delivery-address\">\n\t\t\t<\/div>\n\t\n\t<div class=\"v-total__row\">\n\t\t<strong>Rechnung<\/strong>\n\t\t\t<\/div>\n\t<div class=\"js-billing-address\">\n\t\t\t<\/div>\n<\/div>\n\n\n<\/div><\/div>\n<\/div>\n<\/div>\n<\/div>","protected":false},"excerpt":{"rendered":"<p>BESTELLUNG ABGESCHLOSSEN. Danke f\u00fcr Ihren Einkauf! Wir stellen Ihnen eine Best\u00e4tigungs-E-Mail mit Ihren Bestelldaten zu. Thank you for your reservation! Once we have processed your reservation, we\u2019ll send you a confirmation email with your reservation details. \u00dcberpr\u00fcfen Sie Ihre E-Mails Danke f\u00fcr Ihren Einkauf! Sie erhalten in den n\u00e4chsten 3\u20135 Minuten eine E-Mail mit Anweisungen &#8230; <a title=\"BESTELLUNG ABGESCHLOSSEN.\" class=\"read-more\" href=\"https:\/\/www.vergemotorcycles.com\/order\/de_de\/youre-all-set\/\" aria-label=\"Read more about BESTELLUNG ABGESCHLOSSEN.\">Read more<\/a><\/p>\n","protected":false},"author":3,"featured_media":0,"parent":0,"menu_order":0,"comment_status":"closed","ping_status":"closed","template":"templates\/template-thanks.php","meta":{"_acf_changed":false,"bwfblock_default_font":"","footnotes":""},"class_list":["post-2566","page","type-page","status-publish"],"acf":[],"_links":{"self":[{"href":"https:\/\/www.vergemotorcycles.com\/order\/de_de\/wp-json\/wp\/v2\/pages\/2566","targetHints":{"allow":["GET"]}}],"collection":[{"href":"https:\/\/www.vergemotorcycles.com\/order\/de_de\/wp-json\/wp\/v2\/pages"}],"about":[{"href":"https:\/\/www.vergemotorcycles.com\/order\/de_de\/wp-json\/wp\/v2\/types\/page"}],"author":[{"embeddable":true,"href":"https:\/\/www.vergemotorcycles.com\/order\/de_de\/wp-json\/wp\/v2\/users\/3"}],"replies":[{"embeddable":true,"href":"https:\/\/www.vergemotorcycles.com\/order\/de_de\/wp-json\/wp\/v2\/comments?post=2566"}],"version-history":[{"count":18,"href":"https:\/\/www.vergemotorcycles.com\/order\/de_de\/wp-json\/wp\/v2\/pages\/2566\/revisions"}],"predecessor-version":[{"id":19063,"href":"https:\/\/www.vergemotorcycles.com\/order\/de_de\/wp-json\/wp\/v2\/pages\/2566\/revisions\/19063"}],"wp:attachment":[{"href":"https:\/\/www.vergemotorcycles.com\/order\/de_de\/wp-json\/wp\/v2\/media?parent=2566"}],"curies":[{"name":"wp","href":"https:\/\/api.w.org\/{rel}","templated":true}]}}